{"id":9,"date":"2015-08-06T20:56:45","date_gmt":"2015-08-06T18:56:45","guid":{"rendered":"http:\/\/www.radsport-boxenstop.de\/?page_id=9"},"modified":"2015-08-16T08:35:33","modified_gmt":"2015-08-16T06:35:33","slug":"ueber-uns","status":"publish","type":"page","link":"https:\/\/www.boxenstop-langenzenn.de\/autotechnik\/ueber-uns\/","title":{"rendered":"\u00dcber uns"},"content":{"rendered":"<p><strong>Autotechnik Boxenstop<\/strong><\/p>\n<p>Als leistungsf\u00e4hige Kfz-Meisterwerkstatt bieten wir Ihnen einen umfassenden Service rund ums Auto. Z. B. Inspektionen mit Mobilit\u00e4tsgarantie und Reparatur-Service f\u00fcr alle Fabrikate.<\/p>\n<p>COPARTS-Partnerwerkstatt\u00a0&#8211; d.h. wir sind Teil einer starken Gruppe von Kfz-Teile-Spezialisten im\u00a0Handels- und Werkstattbereich.<\/p>\n<p>Unser Service f\u00fcr Sie:<\/p>\n<ul>\n<li>Elektronische Achsvermessung<\/li>\n<li>Reifendienst und Einlagerung (Sommer-\/Winterr\u00e4der Service)<\/li>\n<li>Unfallinstandsetzung<\/li>\n<li>G\u00fcnstige Parkschadeninstandsetzung<\/li>\n<li>Lackierarbeiten<\/li>\n<li>Reparatur von Glassch\u00e4den<\/li>\n<li>Klimaservice<\/li>\n<li>Abgastest<\/li>\n<li>Anh\u00e4nger-Kupplungen<\/li>\n<li>\u00a0Vermittlung von Mietwagen<\/li>\n<li>T\u00dcV \/ K\u00dcS \/ AU bei uns im Hause<\/li>\n<li>Abschlepp- und Notdienst: 24 Stunden-Notrufnummer 09161\/8861-10\u00a0J.Bauerei\u00df<\/li>\n<\/ul>\n","protected":false},"excerpt":{"rendered":"<p>Autotechnik Boxenstop Als leistungsf\u00e4hige Kfz-Meisterwerkstatt bieten wir Ihnen einen umfassenden Service rund ums Auto. Z. B. Inspektionen mit Mobilit\u00e4tsgarantie und Reparatur-Service f\u00fcr alle Fabrikate. COPARTS-Partnerwerkstatt\u00a0&#8211; d.h. wir sind Teil einer starken Gruppe von Kfz-Teile-Spezialisten im\u00a0Handels- und Werkstattbereich. Unser Service f\u00fcr Sie: Elektronische Achsvermessung Reifendienst und Einlagerung (Sommer-\/Winterr\u00e4der Service) Unfallinstandsetzung G\u00fcnstige Parkschadeninstandsetzung Lackierarbeiten Reparatur von Glassch\u00e4den [&hellip;]<\/p>\n","protected":false},"author":1,"featured_media":0,"parent":0,"menu_order":0,"comment_status":"closed","ping_status":"closed","template":"page-fullwidth.php","meta":{"footnotes":""},"class_list":["post-9","page","type-page","status-publish","hentry"],"_links":{"self":[{"href":"https:\/\/www.boxenstop-langenzenn.de\/autotechnik\/wp-json\/wp\/v2\/pages\/9","targetHints":{"allow":["GET"]}}],"collection":[{"href":"https:\/\/www.boxenstop-langenzenn.de\/autotechnik\/wp-json\/wp\/v2\/pages"}],"about":[{"href":"https:\/\/www.boxenstop-langenzenn.de\/autotechnik\/wp-json\/wp\/v2\/types\/page"}],"author":[{"embeddable":true,"href":"https:\/\/www.boxenstop-langenzenn.de\/autotechnik\/wp-json\/wp\/v2\/users\/1"}],"replies":[{"embeddable":true,"href":"https:\/\/www.boxenstop-langenzenn.de\/autotechnik\/wp-json\/wp\/v2\/comments?post=9"}],"version-history":[{"count":14,"href":"https:\/\/www.boxenstop-langenzenn.de\/autotechnik\/wp-json\/wp\/v2\/pages\/9\/revisions"}],"predecessor-version":[{"id":186,"href":"https:\/\/www.boxenstop-langenzenn.de\/autotechnik\/wp-json\/wp\/v2\/pages\/9\/revisions\/186"}],"wp:attachment":[{"href":"https:\/\/www.boxenstop-langenzenn.de\/autotechnik\/wp-json\/wp\/v2\/media?parent=9"}],"curies":[{"name":"wp","href":"https:\/\/api.w.org\/{rel}","templated":true}]}}