{"id":138,"date":"2015-08-11T14:02:40","date_gmt":"2015-08-11T12:02:40","guid":{"rendered":"http:\/\/www.radsport-boxenstop.de\/?page_id=138"},"modified":"2026-01-05T16:12:09","modified_gmt":"2026-01-05T15:12:09","slug":"autotechnik","status":"publish","type":"page","link":"https:\/\/www.boxenstop-langenzenn.de\/autotechnik\/","title":{"rendered":"Boxenstop &#8211; Autotechnik in Langenzenn"},"content":{"rendered":"<p>In unserem Meisterbetrieb bieten wir HU\/AU Vorbereitung und Abnahme, Reparaturen, Lackierarbeiten, Unfallinstandsetzung, Erstellung von Gutachten, Inspektion, \u00d6lservice, Bremsenservice, Auspuffservice, Batterieservice, Reifendienst, Reifeneinlagerung, Einbau von Anh\u00e4ngerkupplungen und vieles mehr f\u00fcr Fahrzeuge und Anh\u00e4ger aller Marken zu fairen Preisen.\u00a0 F\u00fcr die Dauer der Reparatur vermitteln wir auf Wunsch ein Leihfahrzeug. Viele unserer Kunden die auch Oldtimer-Fans sind kommen mit ihren Sch\u00e4tzchen zu uns um Wartung, Reparaturen und Instandsetzungen durchf\u00fchren zu lassen. Wir sind <a href=\"http:\/\/www.coparts.de\/\" target=\"_blank\" rel=\"noopener\"><span class=\"style19\">COPARTS<\/span><\/a>-Partnerwerkstatt.<\/p>\n<p>&nbsp;<\/p>\n<p style=\"text-align: center;\">Telefon: 09101 &#8211; 6438<\/p>\n<table class=\" aligncenter\" style=\"height: 54px;\" width=\"470\">\n<tbody>\n<tr>\n<td><strong>Unsere \u00d6ffnungszeiten:<\/strong><\/td>\n<td><\/td>\n<\/tr>\n<tr>\n<td style=\"text-align: left;\">Montag- Mittwoch:<\/td>\n<td>8.00 &#8211; 12.00 Uhr \/ 13.00 &#8211; 17.00 Uhr<\/td>\n<\/tr>\n<tr>\n<td style=\"text-align: left;\">Donnerstag:<\/td>\n<td>8.00 &#8211; 12.00 Uhr<\/td>\n<\/tr>\n<tr>\n<td style=\"text-align: left;\">Freitag:<\/td>\n<td>8.00 &#8211; 15.00 Uhr<\/td>\n<\/tr>\n<tr>\n<td>Samstag:<\/td>\n<td>nach Vereinbarung<\/td>\n<\/tr>\n<\/tbody>\n<\/table>\n<p>&nbsp;<\/p>\n<p>&nbsp;<\/p>\n<p>&nbsp;<\/p>\n","protected":false},"excerpt":{"rendered":"<p>In unserem Meisterbetrieb bieten wir HU\/AU Vorbereitung und Abnahme, Reparaturen, Lackierarbeiten, Unfallinstandsetzung, Erstellung von Gutachten, Inspektion, \u00d6lservice, Bremsenservice, Auspuffservice, Batterieservice, Reifendienst, Reifeneinlagerung, Einbau von Anh\u00e4ngerkupplungen und vieles mehr f\u00fcr Fahrzeuge und Anh\u00e4ger aller Marken zu fairen Preisen.\u00a0 F\u00fcr die Dauer der Reparatur vermitteln wir auf Wunsch ein Leihfahrzeug. Viele unserer Kunden die auch Oldtimer-Fans sind [&hellip;]<\/p>\n","protected":false},"author":1,"featured_media":0,"parent":0,"menu_order":0,"comment_status":"closed","ping_status":"closed","template":"page-fullwidth.php","meta":{"footnotes":""},"class_list":["post-138","page","type-page","status-publish","hentry"],"_links":{"self":[{"href":"https:\/\/www.boxenstop-langenzenn.de\/autotechnik\/wp-json\/wp\/v2\/pages\/138","targetHints":{"allow":["GET"]}}],"collection":[{"href":"https:\/\/www.boxenstop-langenzenn.de\/autotechnik\/wp-json\/wp\/v2\/pages"}],"about":[{"href":"https:\/\/www.boxenstop-langenzenn.de\/autotechnik\/wp-json\/wp\/v2\/types\/page"}],"author":[{"embeddable":true,"href":"https:\/\/www.boxenstop-langenzenn.de\/autotechnik\/wp-json\/wp\/v2\/users\/1"}],"replies":[{"embeddable":true,"href":"https:\/\/www.boxenstop-langenzenn.de\/autotechnik\/wp-json\/wp\/v2\/comments?post=138"}],"version-history":[{"count":29,"href":"https:\/\/www.boxenstop-langenzenn.de\/autotechnik\/wp-json\/wp\/v2\/pages\/138\/revisions"}],"predecessor-version":[{"id":246,"href":"https:\/\/www.boxenstop-langenzenn.de\/autotechnik\/wp-json\/wp\/v2\/pages\/138\/revisions\/246"}],"wp:attachment":[{"href":"https:\/\/www.boxenstop-langenzenn.de\/autotechnik\/wp-json\/wp\/v2\/media?parent=138"}],"curies":[{"name":"wp","href":"https:\/\/api.w.org\/{rel}","templated":true}]}}